{"id":36,"date":"2013-02-04T19:25:39","date_gmt":"2013-02-04T17:25:39","guid":{"rendered":"http:\/\/www.tvwas.de\/wordpress\/?page_id=36"},"modified":"2022-08-09T15:24:24","modified_gmt":"2022-08-09T13:24:24","slug":"ausbildung","status":"publish","type":"page","link":"https:\/\/www.tvwas.de\/?page_id=36","title":{"rendered":"Ausbildung"},"content":{"rendered":"<p>Aktuelle Informationen zur Jugendarbeit und zum Segeltraining f\u00fcr Kinder und Jugendliche findet ihr unter folgendem Link: <a href=\"https:\/\/www.tvwas.de\/?page_id=14\">Jugendarbeit<\/a>.<\/p>\n<p>Wir bieten regelm\u00e4\u00dfig Ausbildungskurse zum Sportbootf\u00fchrerschein Binnen (Segeln und Motor), Sportbootf\u00fchrerschein See, Binnenschifffahrtsfunk UBI und Seefunk SRC an und f\u00fcr Einsteiger ein &#8222;Schnuppersegeln&#8220;, bei dem ihr\u00a0herausfinden k\u00f6nnt, ob ihr\u00a0&#8222;Spass am Segeln&#8220; habt.<\/p>\n<p>&nbsp;<\/p>\n","protected":false},"excerpt":{"rendered":"<p>Aktuelle Informationen zur Jugendarbeit und zum Segeltraining f\u00fcr Kinder und Jugendliche findet ihr unter folgendem Link: Jugendarbeit. Wir bieten regelm\u00e4\u00dfig Ausbildungskurse zum Sportbootf\u00fchrerschein Binnen (Segeln und Motor), Sportbootf\u00fchrerschein See, Binnenschifffahrtsfunk UBI und Seefunk SRC an und f\u00fcr Einsteiger ein &#8222;Schnuppersegeln&#8220;, bei dem ihr\u00a0herausfinden k\u00f6nnt, ob ihr\u00a0&#8222;Spass am Segeln&#8220; habt. &nbsp;<\/p>\n","protected":false},"author":1,"featured_media":0,"parent":0,"menu_order":4,"comment_status":"closed","ping_status":"closed","template":"","meta":{"footnotes":""},"class_list":["post-36","page","type-page","status-publish","hentry"],"_links":{"self":[{"href":"https:\/\/www.tvwas.de\/index.php?rest_route=\/wp\/v2\/pages\/36","targetHints":{"allow":["GET"]}}],"collection":[{"href":"https:\/\/www.tvwas.de\/index.php?rest_route=\/wp\/v2\/pages"}],"about":[{"href":"https:\/\/www.tvwas.de\/index.php?rest_route=\/wp\/v2\/types\/page"}],"author":[{"embeddable":true,"href":"https:\/\/www.tvwas.de\/index.php?rest_route=\/wp\/v2\/users\/1"}],"replies":[{"embeddable":true,"href":"https:\/\/www.tvwas.de\/index.php?rest_route=%2Fwp%2Fv2%2Fcomments&post=36"}],"version-history":[{"count":13,"href":"https:\/\/www.tvwas.de\/index.php?rest_route=\/wp\/v2\/pages\/36\/revisions"}],"predecessor-version":[{"id":1636,"href":"https:\/\/www.tvwas.de\/index.php?rest_route=\/wp\/v2\/pages\/36\/revisions\/1636"}],"wp:attachment":[{"href":"https:\/\/www.tvwas.de\/index.php?rest_route=%2Fwp%2Fv2%2Fmedia&parent=36"}],"curies":[{"name":"wp","href":"https:\/\/api.w.org\/{rel}","templated":true}]}}