{"id":2,"date":"2013-02-04T15:50:10","date_gmt":"2013-02-04T13:50:10","guid":{"rendered":"http:\/\/www.tvwas.de\/wordpress\/?page_id=2"},"modified":"2026-01-18T18:55:30","modified_gmt":"2026-01-18T16:55:30","slug":"beispiel-seite","status":"publish","type":"page","link":"https:\/\/www.tvwas.de\/?page_id=2","title":{"rendered":"Termine"},"content":{"rendered":"\n<p><strong>Veranstaltungen des <em>TV<\/em>E <em>W<\/em>eiher <em>A<\/em>bteilung <em>S<\/em>egeln 2026<\/strong><\/p>\n\n\n\n<p>Weitere Veranstaltungen oder \u00c4nderungen werden hier ver\u00f6ffentlicht sobald diese bekannt sind.<\/p>\n\n\n\n<div class=\"wp-block-group\"><div class=\"wp-block-group__inner-container is-layout-constrained wp-block-group-is-layout-constrained\">\n<figure class=\"wp-block-table is-style-regular\"><table class=\"has-fixed-layout\"><tbody><tr><td><strong>Datum<\/strong><\/td><td><strong>Termin<\/strong><\/td><\/tr><tr><td>06.02.2026<\/td><td>Abteilungsversammlung, 20:00 Uhr Gastst\u00e4tte Adria beim FC Weiher<\/td><\/tr><tr><td>07.03.2026<\/td><td>Arbeitsdienst &#8211; 10:00 Uhr am Seglergel\u00e4nde<\/td><\/tr><tr><td>14.03.2026<\/td><td>Arbeitsdienst &#8211; 10:00 Uhr am Seglergel\u00e4nde<\/td><\/tr><tr><td>21.-22.03.2026<\/td><td>Jugend Segeltraining Samstag und Sonntag jeweils 10:00 \u2013 17:00 Uhr<\/td><\/tr><tr><td>18.-19.04.2026<\/td><td>Jugend Segeltraining Samstag und Sonntag jeweils 10:00 \u2013 17:00 Uhr<\/td><\/tr><tr><td>25.-26.04.2026<\/td><td>Jugend Segeltraining Samstag und Sonntag jeweils 10:00 \u2013 17:00 Uhr<\/td><\/tr><tr><td>02.-03.05.2026<\/td><td>Hardtseeregatta, Laser\/ILCA-Rangliste, Laser Standard (ILCA7) und Laser Radial (ILCA6), Samstag ab 14:00<\/td><\/tr><tr><td>16.05.2025<\/td><td>ILCA Training ab 11.00 Uhr auf dem Clubgel\u00e4nde<\/td><\/tr><tr><td>16.05.2026<\/td><td>Arbeitsdienst &#8211; 10:00 Uhr am Seglergel\u00e4nde<\/td><\/tr><tr><td>23.05.2026<\/td><td>ILCA Training ab 11.00 Uhr auf dem Clubgel\u00e4nde<\/td><\/tr><tr><td>28.-31.05.2026<\/td><td>IRONMAN 70.3 Kraichgau<\/td><\/tr><tr><td>13.-14.06.2026<\/td><td>Jugend Segeltraining Samstag und Sonntag jeweils 10:00 \u2013 17:00 Uhr<\/td><\/tr><tr><td>20.-21.06.2026<\/td><td>Hardtseepokal OPTI &amp; 420er Regatta <br>Samstag ab 14:00 Uhr<\/td><\/tr><tr><td>27.06.2026<\/td><td>Optiliga-Regatta &#8211; 10:00 Uhr<\/td><\/tr><tr><td>28.06.2026<\/td><td>Gottesdienst am Hardtsee am Seglergel\u00e4nde<\/td><\/tr><tr><td>04.-05.07.2026<\/td><td>Jugend Segeltraining Samstag und Sonntag jeweils 10:00 \u2013 17:00 Uhr<\/td><\/tr><tr><td>18.-19.07.2026<\/td><td>Jugend Segeltraining Samstag und Sonntag jeweils 10:00 \u2013 17:00 Uhr<\/td><\/tr><tr><td>18.07.2026<\/td><td>Seglerfest &#8211; 18:00 Uhr mit Lampionfahrt<\/td><\/tr><tr><td>25.07.2026<\/td><td>ILCA Training ab 11.00 Uhr auf dem Clubgel\u00e4nde<\/td><\/tr><tr><td>15.08.2026<\/td><td>ILCA Training ab 11.00 Uhr auf dem Clubgel\u00e4nde<\/td><\/tr><tr><td>05.-06.09.2026<\/td><td>Hardtsee-Triathlon TSV Ubstadt<br>Samstag ab 14:00 Uhr<\/td><\/tr><tr><td>09.-12.09.2026<\/td><td>Jugend-Ferien-Segelcamp<\/td><\/tr><tr><td>11.09.2026<\/td><td>Ferienprogramm Gemeinde Ubstadt-Weiher<\/td><\/tr><tr><td>12.09.2026<\/td><td>Arbeitsdienst &#8211; 10:00 Uhr am Seglergel\u00e4nde<\/td><\/tr><tr><td>19.09.2026<\/td><td>Dickschiffregatta 12.00 Uhr<\/td><\/tr><tr><td>26.09.2026<\/td><td>ILCA Training ab 11.00 Uhr auf dem Clubgel\u00e4nde<\/td><\/tr><tr><td>26.-27.09.2026<\/td><td>Jugend Segeltraining Samstag und Sonntag jeweils 10:00 \u2013 17:00 Uhr<\/td><\/tr><tr><td>10.-11.10.2026<\/td><td>55. Kraichgauregatta, Wertung nach Yardstick, Samstag ab 14.00 Uhr<\/td><\/tr><tr><td>24.10.2026<\/td><td>Arbeitsdienst &#8211; 10:00 Uhr am Seglergel\u00e4nde<\/td><\/tr><tr><td>07.11.2026<\/td><td>Arbeitsdienst &#8211; 14:00 Uhr am Seglergel\u00e4nde<\/td><\/tr><tr><td>08.11.2026<\/td><td>13. Conger Match Race &#8211; 09:00 Uhr<\/td><\/tr><tr><td>20.12.2026<\/td><td>Gl\u00fchweintreffen ab 16.00 Uhr am Seglertreff<\/td><\/tr><\/tbody><\/table><\/figure>\n<\/div><\/div>\n\n\n\n<!--more-->\n\n\n\n<p><\/p>\n","protected":false},"excerpt":{"rendered":"<p>Veranstaltungen des TVE Weiher Abteilung Segeln 2026 Weitere Veranstaltungen oder \u00c4nderungen werden hier ver\u00f6ffentlicht sobald diese bekannt sind. Datum Termin 06.02.2026 Abteilungsversammlung, 20:00 Uhr Gastst\u00e4tte Adria beim FC Weiher 07.03.2026 Arbeitsdienst &#8211; 10:00 Uhr am Seglergel\u00e4nde 14.03.2026 Arbeitsdienst &#8211; 10:00 Uhr am Seglergel\u00e4nde 21.-22.03.2026 Jugend Segeltraining Samstag und Sonntag jeweils 10:00 \u2013 17:00 Uhr 18.-19.04.2026 Jugend Segeltraining Samstag und Sonntag jeweils 10:00 \u2013 17:00 Uhr 25.-26.04.2026 Jugend Segeltraining Samstag und Sonntag jeweils 10:00 \u2013 17:00 Uhr 02.-03.05.2026 Hardtseeregatta, Laser\/ILCA-Rangliste, Laser&#8230;<\/p>\n<p class=\"read-more\"><a class=\"btn btn-default\" href=\"https:\/\/www.tvwas.de\/?page_id=2\">Weiterlesen<span class=\"screen-reader-text\"> Weiterlesen<\/span><\/a><\/p>\n","protected":false},"author":1,"featured_media":0,"parent":0,"menu_order":2,"comment_status":"closed","ping_status":"closed","template":"","meta":{"footnotes":""},"class_list":["post-2","page","type-page","status-publish","hentry"],"_links":{"self":[{"href":"https:\/\/www.tvwas.de\/index.php?rest_route=\/wp\/v2\/pages\/2","targetHints":{"allow":["GET"]}}],"collection":[{"href":"https:\/\/www.tvwas.de\/index.php?rest_route=\/wp\/v2\/pages"}],"about":[{"href":"https:\/\/www.tvwas.de\/index.php?rest_route=\/wp\/v2\/types\/page"}],"author":[{"embeddable":true,"href":"https:\/\/www.tvwas.de\/index.php?rest_route=\/wp\/v2\/users\/1"}],"replies":[{"embeddable":true,"href":"https:\/\/www.tvwas.de\/index.php?rest_route=%2Fwp%2Fv2%2Fcomments&post=2"}],"version-history":[{"count":342,"href":"https:\/\/www.tvwas.de\/index.php?rest_route=\/wp\/v2\/pages\/2\/revisions"}],"predecessor-version":[{"id":2300,"href":"https:\/\/www.tvwas.de\/index.php?rest_route=\/wp\/v2\/pages\/2\/revisions\/2300"}],"wp:attachment":[{"href":"https:\/\/www.tvwas.de\/index.php?rest_route=%2Fwp%2Fv2%2Fmedia&parent=2"}],"curies":[{"name":"wp","href":"https:\/\/api.w.org\/{rel}","templated":true}]}}