{"id":14,"date":"2013-02-04T19:14:19","date_gmt":"2013-02-04T17:14:19","guid":{"rendered":"http:\/\/www.tvwas.de\/wordpress\/?page_id=14"},"modified":"2025-05-16T10:22:25","modified_gmt":"2025-05-16T08:22:25","slug":"jugendarbeit","status":"publish","type":"page","link":"https:\/\/www.tvwas.de\/?page_id=14","title":{"rendered":"Jugendarbeit"},"content":{"rendered":"<p>Endlich wieder Segeln! Die Segelsaison f\u00fcr Fortgeschrittene und Kinder, die im letzten Jahr unseren Anf\u00e4ngerkurs belegt haben, startete diese Saison schon im M\u00e4rz 2025. Warm eingepackt waren unsere 420er Crews, ILCAs und Optis bei bestem Wind auf dem Wasser. Da bereits Anfang April die erste Opti B Regatta f\u00fcr fortgeschrittene Opti-Segler*innen stattfand, haben wir das Training in diesem Jahr fr\u00fch gestartet. Erfreulicherweise konnten wir am dritten Trainingswochenende im Mai dann auch noch 5 Anf\u00e4ngerkinder begr\u00fc\u00dfen. Ziel ist es, dass diese Kinder im Laufe des Jahres ihren Segel-J\u00fcngsten-Schein ablegen und dann als ge\u00fcbte Einsteiger in die Segelsaison 2026 starten.<\/p>\n<p>M\u00f6glichkeiten, die eigenen Segelerfahrungen bei Regatten auszuprobieren und Wettkampfluft zu schnuppern, oder einfach nur Spa\u00df auf dem Wasser zu haben, gibt es in diesem Jahr reichlich:<\/p>\n<p><strong>Termine am Hardtsee 2025 <\/strong><\/p>\n<p><strong>\u00a0<\/strong><u>Segeltraining f\u00fcr Anf\u00e4nger und Fortgeschrittene (Optis, Laser, 420er)<\/u><\/p>\n<p>Samstag u. Sonntag\u00a0\u00a0\u00a0\u00a0\u00a0\u00a0\u00a0\u00a0\u00a0 10. + 11. Mai\u00a0\u00a0\u00a0\u00a0\u00a0\u00a0\u00a0\u00a0\u00a0\u00a0\u00a0 10:00 \u2013 17:00 Uhr<\/p>\n<p>Samstag u. Sonntag\u00a0\u00a0\u00a0\u00a0\u00a0\u00a0\u00a0\u00a0\u00a0 30. Mai + 1. Juni\u00a0\u00a0\u00a0\u00a0 10:00 \u2013 17:00 Uhr<\/p>\n<p>Samstag u. Sonntag\u00a0\u00a0\u00a0\u00a0\u00a0\u00a0\u00a0\u00a0\u00a0 05. + 06. Juli\u00a0\u00a0\u00a0\u00a0\u00a0\u00a0\u00a0\u00a0\u00a0\u00a0\u00a0 10:00 \u2013 17:00 Uhr<\/p>\n<p>Samstag u. Sonntag\u00a0\u00a0\u00a0\u00a0\u00a0\u00a0\u00a0\u00a0\u00a0 12. + 13. Juli\u00a0\u00a0\u00a0\u00a0\u00a0\u00a0\u00a0\u00a0\u00a0\u00a0\u00a0 10:00 \u2013 17:00 Uhr<\/p>\n<p>Samstag u. Sonntag\u00a0\u00a0\u00a0\u00a0\u00a0\u00a0\u00a0\u00a0\u00a0 20. + 21. Sept.\u00a0\u00a0\u00a0\u00a0\u00a0\u00a0\u00a0\u00a0 10:00 \u2013 17:00 Uhr<\/p>\n<p><strong>Regatten<\/strong><\/p>\n<p><u>Opti-B Regatta<\/u><\/p>\n<p>Samstag u. Sonntag\u00a0\u00a0\u00a0\u00a0\u00a0\u00a0\u00a0\u00a0\u00a0 05. + 06. April\u00a0\u00a0\u00a0\u00a0\u00a0\u00a0\u00a0\u00a0\u00a0 Sa 14:00 Uhr \/ So 10:00 Uhr<\/p>\n<p><u>ILCA Regatta<\/u><\/p>\n<p>Samstag u. Sonntag\u00a0\u00a0\u00a0\u00a0\u00a0\u00a0\u00a0\u00a0\u00a0 17. + 18. Mai \u00a0\u00a0\u00a0\u00a0\u00a0\u00a0\u00a0\u00a0\u00a0\u00a0\u00a0 Sa 14:00 Uhr \/ So 10:00 Uhr<\/p>\n<p><u>Optiliga Regatta<\/u><\/p>\n<p>Samstag\u00a0\u00a0\u00a0\u00a0\u00a0\u00a0\u00a0\u00a0\u00a0\u00a0\u00a0\u00a0\u00a0\u00a0\u00a0\u00a0\u00a0\u00a0\u00a0\u00a0\u00a0\u00a0\u00a0\u00a0\u00a0\u00a0\u00a0\u00a0\u00a0\u00a0\u00a0 28. Juni\u00a0\u00a0\u00a0\u00a0\u00a0\u00a0\u00a0\u00a0\u00a0\u00a0\u00a0\u00a0\u00a0\u00a0\u00a0\u00a0\u00a0\u00a0\u00a0\u00a0 10:00 Uhr<\/p>\n<p><strong><u>Feriensegelcamp<\/u><\/strong><\/p>\n<p>Mittwoch bis Samstag\u00a0\u00a0\u00a0\u00a0\u00a0\u00a0\u00a0 03. \u2013 06. Sept.<\/p>\n<p><u>Opti-Kids Regatta<\/u><\/p>\n<p>Samstag\u00a0\u00a0\u00a0\u00a0\u00a0\u00a0\u00a0\u00a0\u00a0\u00a0\u00a0\u00a0\u00a0\u00a0\u00a0\u00a0\u00a0\u00a0\u00a0\u00a0\u00a0\u00a0\u00a0\u00a0\u00a0\u00a0\u00a0\u00a0\u00a0\u00a0\u00a0 11. + 12. Oktober\u00a0\u00a0\u00a0\u00a0 Sa 14:00 Uhr \/ So 10:00 Uhr<\/p>\n<p>Bei R\u00fcckfragen wendet Ihr Euch bitte an Frank Hensel per E-Mail <a href=\"mailto:frank.hensel@tvwas.de\">frank.hensel@tvwas.de<\/a> oder Tel. 0151 65232095<\/p>\n","protected":false},"excerpt":{"rendered":"<p>Endlich wieder Segeln! Die Segelsaison f\u00fcr Fortgeschrittene und Kinder, die im letzten Jahr unseren Anf\u00e4ngerkurs belegt haben, startete diese Saison schon im M\u00e4rz 2025. Warm eingepackt waren unsere 420er Crews, ILCAs und Optis bei bestem Wind auf dem Wasser. Da bereits Anfang April die erste Opti B Regatta f\u00fcr fortgeschrittene Opti-Segler*innen stattfand, haben wir das Training in diesem Jahr fr\u00fch gestartet. Erfreulicherweise konnten wir am dritten Trainingswochenende im Mai dann auch noch 5 Anf\u00e4ngerkinder begr\u00fc\u00dfen. Ziel ist es, dass diese&#8230;<\/p>\n<p class=\"read-more\"><a class=\"btn btn-default\" href=\"https:\/\/www.tvwas.de\/?page_id=14\">Weiterlesen<span class=\"screen-reader-text\"> Weiterlesen<\/span><\/a><\/p>\n","protected":false},"author":8,"featured_media":0,"parent":36,"menu_order":5,"comment_status":"closed","ping_status":"closed","template":"","meta":{"footnotes":""},"class_list":["post-14","page","type-page","status-publish","hentry"],"_links":{"self":[{"href":"https:\/\/www.tvwas.de\/index.php?rest_route=\/wp\/v2\/pages\/14","targetHints":{"allow":["GET"]}}],"collection":[{"href":"https:\/\/www.tvwas.de\/index.php?rest_route=\/wp\/v2\/pages"}],"about":[{"href":"https:\/\/www.tvwas.de\/index.php?rest_route=\/wp\/v2\/types\/page"}],"author":[{"embeddable":true,"href":"https:\/\/www.tvwas.de\/index.php?rest_route=\/wp\/v2\/users\/8"}],"replies":[{"embeddable":true,"href":"https:\/\/www.tvwas.de\/index.php?rest_route=%2Fwp%2Fv2%2Fcomments&post=14"}],"version-history":[{"count":28,"href":"https:\/\/www.tvwas.de\/index.php?rest_route=\/wp\/v2\/pages\/14\/revisions"}],"predecessor-version":[{"id":2135,"href":"https:\/\/www.tvwas.de\/index.php?rest_route=\/wp\/v2\/pages\/14\/revisions\/2135"}],"up":[{"embeddable":true,"href":"https:\/\/www.tvwas.de\/index.php?rest_route=\/wp\/v2\/pages\/36"}],"wp:attachment":[{"href":"https:\/\/www.tvwas.de\/index.php?rest_route=%2Fwp%2Fv2%2Fmedia&parent=14"}],"curies":[{"name":"wp","href":"https:\/\/api.w.org\/{rel}","templated":true}]}}