{"id":11,"date":"2013-02-04T19:13:53","date_gmt":"2013-02-04T17:13:53","guid":{"rendered":"http:\/\/www.tvwas.de\/wordpress\/?page_id=11"},"modified":"2026-04-02T17:09:12","modified_gmt":"2026-04-02T15:09:12","slug":"regatten","status":"publish","type":"page","link":"https:\/\/www.tvwas.de\/?page_id=11","title":{"rendered":"Regatten"},"content":{"rendered":"<p>Geplanten Regatten des TVWAS 2026. Die Anmeldung kann \u00fcber den Anmeldelink oder am ersten Regattatag vor Ort erfolgen. Die Links werden noch aktualisiert.<\/p>\n<table style=\"height: 553px;\" width=\"748\">\n<tbody>\n<tr>\n<td width=\"21%\"><strong>Datum<\/strong><\/td>\n<td width=\"58%\"><strong>Termin<\/strong><\/td>\n<td width=\"18%\"><a href=\"https:\/\/www.manage2sail.com\/de-DE\/event\/5b166090-f8f4-4163-bb2d-7699c40c9ea6#!\/\"><strong>Anmeldung<\/strong><\/a><\/td>\n<\/tr>\n<tr>\n<td>02.05.\/03.05.2026<\/td>\n<td>Laser\/ILCA-Ranglistenregatta Standard (ILCA 7) &#8211; Radial (ILCA 6) Ranglistenfaktor 1.1<br \/>\nStart Samstag\u00a0 14:00 Uhr<\/td>\n<td><a href=\"https:\/\/www.manage2sail.com\/de-DE\/event\/c87bdce0-dad7-4fec-8f96-00049c696451#!\/\" target=\"_blank\" rel=\"noopener\">manage2sail<\/a><\/td>\n<\/tr>\n<tr>\n<td>20.06.\/21.06.2026<\/td>\n<td>Hardtseepokal<br \/>\nOPTI &amp; 420er Regatta<br \/>\nStart Samstag 14:00 Uhr<\/td>\n<td>\u00a0<a href=\"https:\/\/www.manage2sail.com\/de-DE\/event\/dbecbed9-0e84-4959-9728-e453415b00d5#!\/\" target=\"_blank\" rel=\"noopener\">manage2sail<\/a><\/td>\n<\/tr>\n<tr>\n<td>28.06.2026<\/td>\n<td>Optiliga-BW<br \/>\nOptiliga der Seglerjugend<br \/>\nBaden-W\u00fcrttemberg<br \/>\nStart Samstag\u00a0 10:00 Uhr<\/td>\n<td>manage2sail<\/td>\n<\/tr>\n<tr>\n<td>19.09.2026<\/td>\n<td>Dickschiffregatta<br \/>\nStart 14:00 Uhr<\/td>\n<td>Anmeldung vor Ort<\/td>\n<\/tr>\n<tr>\n<td>10.10.\/11.10.2026<\/td>\n<td>55. Kraichgauregatta<br \/>\nWertung nach Yardstick<br \/>\n4.Optikids Regatta<br \/>\nStart Samstag\u00a0 14:00 Uhr<\/td>\n<td>Anmeldung vor Ort<\/td>\n<\/tr>\n<tr>\n<td>08.11.2026<\/td>\n<td>11.Conger Match Race<br \/>\nBeginn 09.00 Uhr<\/td>\n<td>Anmeldung vor Ort<\/td>\n<\/tr>\n<tr>\n<td><\/td>\n<td><\/td>\n<td><\/td>\n<\/tr>\n<\/tbody>\n<\/table>\n<p>Der Start zum ersten Lauf ist jeweils samstags um 14:00 Uhr.<\/p>\n<p>\u00dcbernachtungen im Zelt oder im Wohnmobil ist auf dem Segelgel\u00e4nde begrenzt m\u00f6glich, alternativ auch auf dem benachbarten Campingplatz.<br \/>\n<strong>F\u00fcr die \u00dcbernachtung auf dem Seglergel\u00e4nde und auf dem Campingplatz gelten die Preise des Freizeitzentrum Hardtsee.<\/strong><\/p>\n<p><a href=\"https:\/\/www.hardtsee.de\/2153621\" target=\"_blank\" rel=\"noopener\">www.hardtsee.de<\/a><\/p>\n","protected":false},"excerpt":{"rendered":"<p>Geplanten Regatten des TVWAS 2026. Die Anmeldung kann \u00fcber den Anmeldelink oder am ersten Regattatag vor Ort erfolgen. Die Links werden noch aktualisiert. Datum Termin Anmeldung 02.05.\/03.05.2026 Laser\/ILCA-Ranglistenregatta Standard (ILCA 7) &#8211; Radial (ILCA 6) Ranglistenfaktor 1.1 Start Samstag\u00a0 14:00 Uhr manage2sail 20.06.\/21.06.2026 Hardtseepokal OPTI &amp; 420er Regatta Start Samstag 14:00 Uhr \u00a0manage2sail 28.06.2026 Optiliga-BW Optiliga der Seglerjugend Baden-W\u00fcrttemberg Start Samstag\u00a0 10:00 Uhr manage2sail 19.09.2026 Dickschiffregatta Start 14:00 Uhr Anmeldung vor Ort 10.10.\/11.10.2026 55. Kraichgauregatta Wertung nach Yardstick 4.Optikids Regatta&#8230;<\/p>\n<p class=\"read-more\"><a class=\"btn btn-default\" href=\"https:\/\/www.tvwas.de\/?page_id=11\">Weiterlesen<span class=\"screen-reader-text\"> Weiterlesen<\/span><\/a><\/p>\n","protected":false},"author":1,"featured_media":0,"parent":0,"menu_order":3,"comment_status":"closed","ping_status":"closed","template":"","meta":{"footnotes":""},"class_list":["post-11","page","type-page","status-publish","hentry"],"_links":{"self":[{"href":"https:\/\/www.tvwas.de\/index.php?rest_route=\/wp\/v2\/pages\/11","targetHints":{"allow":["GET"]}}],"collection":[{"href":"https:\/\/www.tvwas.de\/index.php?rest_route=\/wp\/v2\/pages"}],"about":[{"href":"https:\/\/www.tvwas.de\/index.php?rest_route=\/wp\/v2\/types\/page"}],"author":[{"embeddable":true,"href":"https:\/\/www.tvwas.de\/index.php?rest_route=\/wp\/v2\/users\/1"}],"replies":[{"embeddable":true,"href":"https:\/\/www.tvwas.de\/index.php?rest_route=%2Fwp%2Fv2%2Fcomments&post=11"}],"version-history":[{"count":204,"href":"https:\/\/www.tvwas.de\/index.php?rest_route=\/wp\/v2\/pages\/11\/revisions"}],"predecessor-version":[{"id":2321,"href":"https:\/\/www.tvwas.de\/index.php?rest_route=\/wp\/v2\/pages\/11\/revisions\/2321"}],"wp:attachment":[{"href":"https:\/\/www.tvwas.de\/index.php?rest_route=%2Fwp%2Fv2%2Fmedia&parent=11"}],"curies":[{"name":"wp","href":"https:\/\/api.w.org\/{rel}","templated":true}]}}